{"id":404,"date":"2025-11-24T13:28:48","date_gmt":"2025-11-24T12:28:48","guid":{"rendered":"https:\/\/ks.1kda.com\/?page_id=404"},"modified":"2025-11-25T15:50:42","modified_gmt":"2025-11-25T14:50:42","slug":"boutique","status":"publish","type":"page","link":"https:\/\/ks.1kda.com\/?page_id=404","title":{"rendered":"Boutique"},"content":{"rendered":"\t\t<div data-elementor-type=\"wp-page\" data-elementor-id=\"404\" class=\"elementor elementor-404\" data-elementor-post-type=\"page\">\n\t\t\t\t\t\t<section class=\"elementor-section elementor-top-section elementor-element elementor-element-70f4a1 elementor-section-boxed elementor-section-height-default elementor-section-height-default\" data-id=\"70f4a1\" data-element_type=\"section\" data-settings=\"{&quot;background_background&quot;:&quot;classic&quot;}\">\n\t\t\t\t\t\t<div class=\"elementor-container elementor-column-gap-default\">\n\t\t\t\t\t<div class=\"elementor-column elementor-col-100 elementor-top-column elementor-element elementor-element-7eb27602\" data-id=\"7eb27602\" data-element_type=\"column\">\n\t\t\t<div class=\"elementor-widget-wrap elementor-element-populated\">\n\t\t\t\t\t\t<div class=\"elementor-element elementor-element-12d6bdc9 elementor-widget elementor-widget-heading\" data-id=\"12d6bdc9\" data-element_type=\"widget\" data-widget_type=\"heading.default\">\n\t\t\t\t\t<h2 class=\"elementor-heading-title elementor-size-default\">Produits<\/h2>\t\t\t\t<\/div>\n\t\t\t\t<div class=\"elementor-element elementor-element-25e58a24 elementor-widget elementor-widget-heading\" data-id=\"25e58a24\" data-element_type=\"widget\" data-settings=\"{&quot;_animation&quot;:&quot;none&quot;}\" data-widget_type=\"heading.default\">\n\t\t\t\t\t<h2 class=\"elementor-heading-title elementor-size-default\">boutique<\/h2>\t\t\t\t<\/div>\n\t\t\t\t<div class=\"elementor-element elementor-element-22951dcd elementor-widget elementor-widget-heading\" data-id=\"22951dcd\" data-element_type=\"widget\" data-widget_type=\"heading.default\">\n\t\t\t\t\t<h2 class=\"elementor-heading-title elementor-size-default\">100% naturel<\/h2>\t\t\t\t<\/div>\n\t\t\t\t\t<\/div>\n\t\t<\/div>\n\t\t\t\t\t<\/div>\n\t\t<\/section>\n\t\t\t\t<section class=\"elementor-section elementor-top-section elementor-element elementor-element-1f32db71 elementor-section-boxed elementor-section-height-default elementor-section-height-default\" data-id=\"1f32db71\" data-element_type=\"section\" data-settings=\"{&quot;background_background&quot;:&quot;classic&quot;}\">\n\t\t\t\t\t\t<div class=\"elementor-container elementor-column-gap-default\">\n\t\t\t\t\t<div class=\"elementor-column elementor-col-100 elementor-top-column elementor-element elementor-element-7c2e603\" data-id=\"7c2e603\" data-element_type=\"column\">\n\t\t\t<div class=\"elementor-widget-wrap elementor-element-populated\">\n\t\t\t\t\t\t<div class=\"elementor-element elementor-element-1e189cb7 elementor-products-grid elementor-wc-products elementor-show-pagination-border-yes elementor-widget elementor-widget-wc-archive-products\" data-id=\"1e189cb7\" data-element_type=\"widget\" data-widget_type=\"wc-archive-products.default\">\n\t\t\t\t\t<div class=\"elementor-nothing-found elementor-products-nothing-found\">N&#039;est ce pas ce que vous voulez?<\/div>\t\t\t\t<\/div>\n\t\t\t\t<div class=\"elementor-element elementor-element-5dea152 elementor-grid-4 elementor-grid-tablet-3 elementor-grid-mobile-2 elementor-products-grid elementor-wc-products elementor-widget elementor-widget-woocommerce-products\" data-id=\"5dea152\" data-element_type=\"widget\" data-widget_type=\"woocommerce-products.default\">\n\t\t\t\t<div class=\"elementor-widget-container\">\n\t\t\t\t\t<div class=\"woocommerce columns-4 \"><ul class=\"products elementor-grid columns-4\">\n<li class=\"product type-product post-458 status-publish first instock product_cat-non-classe has-post-thumbnail sale shipping-taxable purchasable product-type-simple\">\n\t<a href=\"https:\/\/ks.1kda.com\/?product=formation-culture-de-chou\" class=\"woocommerce-LoopProduct-link woocommerce-loop-product__link\">\n\t<span class=\"onsale\">Promo\u00a0!<\/span>\n\t<img decoding=\"async\" width=\"150\" height=\"150\" src=\"https:\/\/ks.1kda.com\/wp-content\/uploads\/2025\/11\/CHOU-1-150x150-1.jpeg\" class=\"attachment-woocommerce_thumbnail size-woocommerce_thumbnail\" alt=\"Formation Culture de chou\" srcset=\"https:\/\/ks.1kda.com\/wp-content\/uploads\/2025\/11\/CHOU-1-150x150-1.jpeg 150w, https:\/\/ks.1kda.com\/wp-content\/uploads\/2025\/11\/CHOU-1-150x150-1-100x100.jpeg 100w\" sizes=\"(max-width: 150px) 100vw, 150px\" \/><h2 class=\"woocommerce-loop-product__title\">Formation Culture de chou<\/h2>\n\t<span class=\"price\"><del aria-hidden=\"true\"><span class=\"woocommerce-Price-amount amount\"><bdi><span class=\"woocommerce-Price-currencySymbol\">CFA<\/span>75,000.00<\/bdi><\/span><\/del> <span class=\"screen-reader-text\">Le prix initial \u00e9tait\u00a0: CFA75,000.00.<\/span><ins aria-hidden=\"true\"><span class=\"woocommerce-Price-amount amount\"><bdi><span class=\"woocommerce-Price-currencySymbol\">CFA<\/span>50,000.00<\/bdi><\/span><\/ins><span class=\"screen-reader-text\">Le prix actuel est\u00a0: CFA50,000.00.<\/span><\/span>\n<\/a><a href=\"\/index.php?rest_route=%2Fwp%2Fv2%2Fpages%2F404&#038;add-to-cart=458\" aria-describedby=\"woocommerce_loop_add_to_cart_link_describedby_458\" data-quantity=\"1\" class=\"button product_type_simple add_to_cart_button ajax_add_to_cart\" data-product_id=\"458\" data-product_sku=\"\" aria-label=\"Ajouter au panier\u00a0: &ldquo;Formation Culture de chou&rdquo;\" rel=\"nofollow\" data-success_message=\"\u00ab\u00a0Formation Culture de chou\u00a0\u00bb a \u00e9t\u00e9 ajout\u00e9 \u00e0 votre panier\">Ajouter au panier<\/a>\t<span id=\"woocommerce_loop_add_to_cart_link_describedby_458\" class=\"screen-reader-text\">\n\t\t\t<\/span>\n<\/li>\n<li class=\"product type-product post-456 status-publish instock product_cat-non-classe has-post-thumbnail sale shipping-taxable purchasable product-type-simple\">\n\t<a href=\"https:\/\/ks.1kda.com\/?product=formation-culture-daubergine\" class=\"woocommerce-LoopProduct-link woocommerce-loop-product__link\">\n\t<span class=\"onsale\">Promo\u00a0!<\/span>\n\t<img decoding=\"async\" width=\"148\" height=\"148\" src=\"https:\/\/ks.1kda.com\/wp-content\/uploads\/2025\/11\/AUB1-1.jpeg\" class=\"attachment-woocommerce_thumbnail size-woocommerce_thumbnail\" alt=\"Formation Culture d&#039;aubergine\" srcset=\"https:\/\/ks.1kda.com\/wp-content\/uploads\/2025\/11\/AUB1-1.jpeg 148w, https:\/\/ks.1kda.com\/wp-content\/uploads\/2025\/11\/AUB1-1-100x100.jpeg 100w\" sizes=\"(max-width: 148px) 100vw, 148px\" \/><h2 class=\"woocommerce-loop-product__title\">Formation Culture d&rsquo;aubergine<\/h2>\n\t<span class=\"price\"><del aria-hidden=\"true\"><span class=\"woocommerce-Price-amount amount\"><bdi><span class=\"woocommerce-Price-currencySymbol\">CFA<\/span>90,000.00<\/bdi><\/span><\/del> <span class=\"screen-reader-text\">Le prix initial \u00e9tait\u00a0: CFA90,000.00.<\/span><ins aria-hidden=\"true\"><span class=\"woocommerce-Price-amount amount\"><bdi><span class=\"woocommerce-Price-currencySymbol\">CFA<\/span>70,000.00<\/bdi><\/span><\/ins><span class=\"screen-reader-text\">Le prix actuel est\u00a0: CFA70,000.00.<\/span><\/span>\n<\/a><a href=\"\/index.php?rest_route=%2Fwp%2Fv2%2Fpages%2F404&#038;add-to-cart=456\" aria-describedby=\"woocommerce_loop_add_to_cart_link_describedby_456\" data-quantity=\"1\" class=\"button product_type_simple add_to_cart_button ajax_add_to_cart\" data-product_id=\"456\" data-product_sku=\"\" aria-label=\"Ajouter au panier\u00a0: &ldquo;Formation Culture d&#039;aubergine&rdquo;\" rel=\"nofollow\" data-success_message=\"\u00ab\u00a0Formation Culture d&#039;aubergine\u00a0\u00bb a \u00e9t\u00e9 ajout\u00e9 \u00e0 votre panier\">Ajouter au panier<\/a>\t<span id=\"woocommerce_loop_add_to_cart_link_describedby_456\" class=\"screen-reader-text\">\n\t\t\t<\/span>\n<\/li>\n<li class=\"product type-product post-455 status-publish instock product_cat-non-classe has-post-thumbnail sale shipping-taxable purchasable product-type-simple\">\n\t<a href=\"https:\/\/ks.1kda.com\/?product=culture-de-la-tomate\" class=\"woocommerce-LoopProduct-link woocommerce-loop-product__link\">\n\t<span class=\"onsale\">Promo\u00a0!<\/span>\n\t<img decoding=\"async\" width=\"150\" height=\"148\" src=\"https:\/\/ks.1kda.com\/wp-content\/uploads\/2025\/11\/TO4-1-150x148-1.jpeg\" class=\"attachment-woocommerce_thumbnail size-woocommerce_thumbnail\" alt=\"Formation Culture de la tomate\" srcset=\"https:\/\/ks.1kda.com\/wp-content\/uploads\/2025\/11\/TO4-1-150x148-1.jpeg 150w, https:\/\/ks.1kda.com\/wp-content\/uploads\/2025\/11\/TO4-1-150x148-1-100x100.jpeg 100w\" sizes=\"(max-width: 150px) 100vw, 150px\" \/><h2 class=\"woocommerce-loop-product__title\">Formation Culture de la tomate<\/h2>\n\t<span class=\"price\"><del aria-hidden=\"true\"><span class=\"woocommerce-Price-amount amount\"><bdi><span class=\"woocommerce-Price-currencySymbol\">CFA<\/span>90,000.00<\/bdi><\/span><\/del> <span class=\"screen-reader-text\">Le prix initial \u00e9tait\u00a0: CFA90,000.00.<\/span><ins aria-hidden=\"true\"><span class=\"woocommerce-Price-amount amount\"><bdi><span class=\"woocommerce-Price-currencySymbol\">CFA<\/span>70,000.00<\/bdi><\/span><\/ins><span class=\"screen-reader-text\">Le prix actuel est\u00a0: CFA70,000.00.<\/span><\/span>\n<\/a><a href=\"\/index.php?rest_route=%2Fwp%2Fv2%2Fpages%2F404&#038;add-to-cart=455\" aria-describedby=\"woocommerce_loop_add_to_cart_link_describedby_455\" data-quantity=\"1\" class=\"button product_type_simple add_to_cart_button ajax_add_to_cart\" data-product_id=\"455\" data-product_sku=\"\" aria-label=\"Ajouter au panier\u00a0: &ldquo;Formation Culture de la tomate&rdquo;\" rel=\"nofollow\" data-success_message=\"\u00ab\u00a0Formation Culture de la tomate\u00a0\u00bb a \u00e9t\u00e9 ajout\u00e9 \u00e0 votre panier\">Ajouter au panier<\/a>\t<span id=\"woocommerce_loop_add_to_cart_link_describedby_455\" class=\"screen-reader-text\">\n\t\t\t<\/span>\n<\/li>\n<li class=\"product type-product post-452 status-publish last instock product_cat-non-classe has-post-thumbnail sale shipping-taxable purchasable product-type-simple\">\n\t<a href=\"https:\/\/ks.1kda.com\/?product=formation-culture-du-piment\" class=\"woocommerce-LoopProduct-link woocommerce-loop-product__link\">\n\t<span class=\"onsale\">Promo\u00a0!<\/span>\n\t<img loading=\"lazy\" decoding=\"async\" width=\"150\" height=\"150\" src=\"https:\/\/ks.1kda.com\/wp-content\/uploads\/2025\/11\/PI12-150x150-1.jpeg\" class=\"attachment-woocommerce_thumbnail size-woocommerce_thumbnail\" alt=\"Formation Culture du piment\" srcset=\"https:\/\/ks.1kda.com\/wp-content\/uploads\/2025\/11\/PI12-150x150-1.jpeg 150w, https:\/\/ks.1kda.com\/wp-content\/uploads\/2025\/11\/PI12-150x150-1-100x100.jpeg 100w\" sizes=\"(max-width: 150px) 100vw, 150px\" \/><h2 class=\"woocommerce-loop-product__title\">Formation Culture du piment<\/h2>\n\t<span class=\"price\"><del aria-hidden=\"true\"><span class=\"woocommerce-Price-amount amount\"><bdi><span class=\"woocommerce-Price-currencySymbol\">CFA<\/span>90,000.00<\/bdi><\/span><\/del> <span class=\"screen-reader-text\">Le prix initial \u00e9tait\u00a0: CFA90,000.00.<\/span><ins aria-hidden=\"true\"><span class=\"woocommerce-Price-amount amount\"><bdi><span class=\"woocommerce-Price-currencySymbol\">CFA<\/span>70,000.00<\/bdi><\/span><\/ins><span class=\"screen-reader-text\">Le prix actuel est\u00a0: CFA70,000.00.<\/span><\/span>\n<\/a><a href=\"\/index.php?rest_route=%2Fwp%2Fv2%2Fpages%2F404&#038;add-to-cart=452\" aria-describedby=\"woocommerce_loop_add_to_cart_link_describedby_452\" data-quantity=\"1\" class=\"button product_type_simple add_to_cart_button ajax_add_to_cart\" data-product_id=\"452\" data-product_sku=\"\" aria-label=\"Ajouter au panier\u00a0: &ldquo;Formation Culture du piment&rdquo;\" rel=\"nofollow\" data-success_message=\"\u00ab\u00a0Formation Culture du piment\u00a0\u00bb a \u00e9t\u00e9 ajout\u00e9 \u00e0 votre panier\">Ajouter au panier<\/a>\t<span id=\"woocommerce_loop_add_to_cart_link_describedby_452\" class=\"screen-reader-text\">\n\t\t\t<\/span>\n<\/li>\n<li class=\"product type-product post-451 status-publish first instock product_cat-non-classe has-post-thumbnail sale shipping-taxable purchasable product-type-simple\">\n\t<a href=\"https:\/\/ks.1kda.com\/?product=le-guide-de-la-culture-du-piment\" class=\"woocommerce-LoopProduct-link woocommerce-loop-product__link\">\n\t<span class=\"onsale\">Promo\u00a0!<\/span>\n\t<img loading=\"lazy\" decoding=\"async\" width=\"150\" height=\"150\" src=\"https:\/\/ks.1kda.com\/wp-content\/uploads\/2025\/11\/ag5-1.png\" class=\"attachment-woocommerce_thumbnail size-woocommerce_thumbnail\" alt=\"Le guide de la culture du piment\" srcset=\"https:\/\/ks.1kda.com\/wp-content\/uploads\/2025\/11\/ag5-1.png 150w, https:\/\/ks.1kda.com\/wp-content\/uploads\/2025\/11\/ag5-1-100x100.png 100w\" sizes=\"(max-width: 150px) 100vw, 150px\" \/><h2 class=\"woocommerce-loop-product__title\">Le guide de la culture du piment<\/h2>\n\t<span class=\"price\"><del aria-hidden=\"true\"><span class=\"woocommerce-Price-amount amount\"><bdi><span class=\"woocommerce-Price-currencySymbol\">CFA<\/span>10,000.00<\/bdi><\/span><\/del> <span class=\"screen-reader-text\">Le prix initial \u00e9tait\u00a0: CFA10,000.00.<\/span><ins aria-hidden=\"true\"><span class=\"woocommerce-Price-amount amount\"><bdi><span class=\"woocommerce-Price-currencySymbol\">CFA<\/span>6,000.00<\/bdi><\/span><\/ins><span class=\"screen-reader-text\">Le prix actuel est\u00a0: CFA6,000.00.<\/span><\/span>\n<\/a><a href=\"\/index.php?rest_route=%2Fwp%2Fv2%2Fpages%2F404&#038;add-to-cart=451\" aria-describedby=\"woocommerce_loop_add_to_cart_link_describedby_451\" data-quantity=\"1\" class=\"button product_type_simple add_to_cart_button ajax_add_to_cart\" data-product_id=\"451\" data-product_sku=\"\" aria-label=\"Ajouter au panier\u00a0: &ldquo;Le guide de la culture du piment&rdquo;\" rel=\"nofollow\" data-success_message=\"\u00ab\u00a0Le guide de la culture du piment\u00a0\u00bb a \u00e9t\u00e9 ajout\u00e9 \u00e0 votre panier\">Ajouter au panier<\/a>\t<span id=\"woocommerce_loop_add_to_cart_link_describedby_451\" class=\"screen-reader-text\">\n\t\t\t<\/span>\n<\/li>\n<li class=\"product type-product post-449 status-publish instock product_cat-non-classe has-post-thumbnail sale shipping-taxable purchasable product-type-simple\">\n\t<a href=\"https:\/\/ks.1kda.com\/?product=la-culture-du-gombo\" class=\"woocommerce-LoopProduct-link woocommerce-loop-product__link\">\n\t<span class=\"onsale\">Promo\u00a0!<\/span>\n\t<img loading=\"lazy\" decoding=\"async\" width=\"240\" height=\"241\" src=\"https:\/\/ks.1kda.com\/wp-content\/uploads\/2025\/11\/GOMBO-DONGO.png\" class=\"attachment-woocommerce_thumbnail size-woocommerce_thumbnail\" alt=\"La culture du gombo\" srcset=\"https:\/\/ks.1kda.com\/wp-content\/uploads\/2025\/11\/GOMBO-DONGO.png 240w, https:\/\/ks.1kda.com\/wp-content\/uploads\/2025\/11\/GOMBO-DONGO-100x100.png 100w, https:\/\/ks.1kda.com\/wp-content\/uploads\/2025\/11\/GOMBO-DONGO-150x150.png 150w\" sizes=\"(max-width: 240px) 100vw, 240px\" \/><h2 class=\"woocommerce-loop-product__title\">La culture du gombo<\/h2>\n\t<span class=\"price\"><del aria-hidden=\"true\"><span class=\"woocommerce-Price-amount amount\"><bdi><span class=\"woocommerce-Price-currencySymbol\">CFA<\/span>10,000.00<\/bdi><\/span><\/del> <span class=\"screen-reader-text\">Le prix initial \u00e9tait\u00a0: CFA10,000.00.<\/span><ins aria-hidden=\"true\"><span class=\"woocommerce-Price-amount amount\"><bdi><span class=\"woocommerce-Price-currencySymbol\">CFA<\/span>6,000.00<\/bdi><\/span><\/ins><span class=\"screen-reader-text\">Le prix actuel est\u00a0: CFA6,000.00.<\/span><\/span>\n<\/a><a href=\"\/index.php?rest_route=%2Fwp%2Fv2%2Fpages%2F404&#038;add-to-cart=449\" aria-describedby=\"woocommerce_loop_add_to_cart_link_describedby_449\" data-quantity=\"1\" class=\"button product_type_simple add_to_cart_button ajax_add_to_cart\" data-product_id=\"449\" data-product_sku=\"\" aria-label=\"Ajouter au panier\u00a0: &ldquo;La culture du gombo&rdquo;\" rel=\"nofollow\" data-success_message=\"\u00ab\u00a0La culture du gombo\u00a0\u00bb a \u00e9t\u00e9 ajout\u00e9 \u00e0 votre panier\">Ajouter au panier<\/a>\t<span id=\"woocommerce_loop_add_to_cart_link_describedby_449\" class=\"screen-reader-text\">\n\t\t\t<\/span>\n<\/li>\n<li class=\"product type-product post-448 status-publish instock product_cat-non-classe has-post-thumbnail sale shipping-taxable purchasable product-type-simple\">\n\t<a href=\"https:\/\/ks.1kda.com\/?product=guide-pratique-pour-reussir-la-culture-de-la-tomate\" class=\"woocommerce-LoopProduct-link woocommerce-loop-product__link\">\n\t<span class=\"onsale\">Promo\u00a0!<\/span>\n\t<img loading=\"lazy\" decoding=\"async\" width=\"150\" height=\"150\" src=\"https:\/\/ks.1kda.com\/wp-content\/uploads\/2025\/11\/ag2-1.png\" class=\"attachment-woocommerce_thumbnail size-woocommerce_thumbnail\" alt=\"Guide pratique pour r\u00e9ussir la culture de la tomate\" srcset=\"https:\/\/ks.1kda.com\/wp-content\/uploads\/2025\/11\/ag2-1.png 150w, https:\/\/ks.1kda.com\/wp-content\/uploads\/2025\/11\/ag2-1-100x100.png 100w\" sizes=\"(max-width: 150px) 100vw, 150px\" \/><h2 class=\"woocommerce-loop-product__title\">Guide pratique pour r\u00e9ussir la culture de la tomate<\/h2>\n\t<span class=\"price\"><del aria-hidden=\"true\"><span class=\"woocommerce-Price-amount amount\"><bdi><span class=\"woocommerce-Price-currencySymbol\">CFA<\/span>10,000.00<\/bdi><\/span><\/del> <span class=\"screen-reader-text\">Le prix initial \u00e9tait\u00a0: CFA10,000.00.<\/span><ins aria-hidden=\"true\"><span class=\"woocommerce-Price-amount amount\"><bdi><span class=\"woocommerce-Price-currencySymbol\">CFA<\/span>6,000.00<\/bdi><\/span><\/ins><span class=\"screen-reader-text\">Le prix actuel est\u00a0: CFA6,000.00.<\/span><\/span>\n<\/a><a href=\"\/index.php?rest_route=%2Fwp%2Fv2%2Fpages%2F404&#038;add-to-cart=448\" aria-describedby=\"woocommerce_loop_add_to_cart_link_describedby_448\" data-quantity=\"1\" class=\"button product_type_simple add_to_cart_button ajax_add_to_cart\" data-product_id=\"448\" data-product_sku=\"\" aria-label=\"Ajouter au panier\u00a0: &ldquo;Guide pratique pour r\u00e9ussir la culture de la tomate&rdquo;\" rel=\"nofollow\" data-success_message=\"\u00ab\u00a0Guide pratique pour r\u00e9ussir la culture de la tomate\u00a0\u00bb a \u00e9t\u00e9 ajout\u00e9 \u00e0 votre panier\">Ajouter au panier<\/a>\t<span id=\"woocommerce_loop_add_to_cart_link_describedby_448\" class=\"screen-reader-text\">\n\t\t\t<\/span>\n<\/li>\n<li class=\"product type-product post-447 status-publish last instock product_cat-non-classe has-post-thumbnail sale shipping-taxable purchasable product-type-simple\">\n\t<a href=\"https:\/\/ks.1kda.com\/?product=bien-produire-loignon\" class=\"woocommerce-LoopProduct-link woocommerce-loop-product__link\">\n\t<span class=\"onsale\">Promo\u00a0!<\/span>\n\t<img loading=\"lazy\" decoding=\"async\" width=\"150\" height=\"150\" src=\"https:\/\/ks.1kda.com\/wp-content\/uploads\/2025\/11\/ag1-1.png\" class=\"attachment-woocommerce_thumbnail size-woocommerce_thumbnail\" alt=\"Bien produire l&#039;oignon\" srcset=\"https:\/\/ks.1kda.com\/wp-content\/uploads\/2025\/11\/ag1-1.png 150w, https:\/\/ks.1kda.com\/wp-content\/uploads\/2025\/11\/ag1-1-100x100.png 100w\" sizes=\"(max-width: 150px) 100vw, 150px\" \/><h2 class=\"woocommerce-loop-product__title\">Bien produire l&rsquo;oignon<\/h2>\n\t<span class=\"price\"><del aria-hidden=\"true\"><span class=\"woocommerce-Price-amount amount\"><bdi><span class=\"woocommerce-Price-currencySymbol\">CFA<\/span>10,000.00<\/bdi><\/span><\/del> <span class=\"screen-reader-text\">Le prix initial \u00e9tait\u00a0: CFA10,000.00.<\/span><ins aria-hidden=\"true\"><span class=\"woocommerce-Price-amount amount\"><bdi><span class=\"woocommerce-Price-currencySymbol\">CFA<\/span>6,000.00<\/bdi><\/span><\/ins><span class=\"screen-reader-text\">Le prix actuel est\u00a0: CFA6,000.00.<\/span><\/span>\n<\/a><a href=\"\/index.php?rest_route=%2Fwp%2Fv2%2Fpages%2F404&#038;add-to-cart=447\" aria-describedby=\"woocommerce_loop_add_to_cart_link_describedby_447\" data-quantity=\"1\" class=\"button product_type_simple add_to_cart_button ajax_add_to_cart\" data-product_id=\"447\" data-product_sku=\"\" aria-label=\"Ajouter au panier\u00a0: &ldquo;Bien produire l&#039;oignon&rdquo;\" rel=\"nofollow\" data-success_message=\"\u00ab\u00a0Bien produire l&#039;oignon\u00a0\u00bb a \u00e9t\u00e9 ajout\u00e9 \u00e0 votre panier\">Ajouter au panier<\/a>\t<span id=\"woocommerce_loop_add_to_cart_link_describedby_447\" class=\"screen-reader-text\">\n\t\t\t<\/span>\n<\/li>\n<\/ul>\n<\/div>\t\t\t\t<\/div>\n\t\t\t\t<\/div>\n\t\t\t\t\t<\/div>\n\t\t<\/div>\n\t\t\t\t\t<\/div>\n\t\t<\/section>\n\t\t\t\t<\/div>\n\t\t","protected":false},"excerpt":{"rendered":"<p>Produits boutique 100% naturel<\/p>\n","protected":false},"author":1,"featured_media":0,"parent":0,"menu_order":0,"comment_status":"closed","ping_status":"closed","template":"","meta":{"footnotes":""},"class_list":["post-404","page","type-page","status-publish","hentry"],"_links":{"self":[{"href":"https:\/\/ks.1kda.com\/index.php?rest_route=\/wp\/v2\/pages\/404","targetHints":{"allow":["GET"]}}],"collection":[{"href":"https:\/\/ks.1kda.com\/index.php?rest_route=\/wp\/v2\/pages"}],"about":[{"href":"https:\/\/ks.1kda.com\/index.php?rest_route=\/wp\/v2\/types\/page"}],"author":[{"embeddable":true,"href":"https:\/\/ks.1kda.com\/index.php?rest_route=\/wp\/v2\/users\/1"}],"replies":[{"embeddable":true,"href":"https:\/\/ks.1kda.com\/index.php?rest_route=%2Fwp%2Fv2%2Fcomments&post=404"}],"version-history":[{"count":16,"href":"https:\/\/ks.1kda.com\/index.php?rest_route=\/wp\/v2\/pages\/404\/revisions"}],"predecessor-version":[{"id":631,"href":"https:\/\/ks.1kda.com\/index.php?rest_route=\/wp\/v2\/pages\/404\/revisions\/631"}],"wp:attachment":[{"href":"https:\/\/ks.1kda.com\/index.php?rest_route=%2Fwp%2Fv2%2Fmedia&parent=404"}],"curies":[{"name":"wp","href":"https:\/\/api.w.org\/{rel}","templated":true}]}}